{"id":952,"date":"2024-09-12T02:02:35","date_gmt":"2024-09-12T02:02:35","guid":{"rendered":"https:\/\/eymabogados.cl\/?page_id=952"},"modified":"2024-11-08T14:30:17","modified_gmt":"2024-11-08T14:30:17","slug":"ley-de-transito-ley-n-18-290","status":"publish","type":"page","link":"https:\/\/eymabogados.cl\/?page_id=952","title":{"rendered":"Ley de Tr\u00e1nsito (Ley N\u00b0 18.290)"},"content":{"rendered":"\t\t<div data-elementor-type=\"wp-page\" data-elementor-id=\"952\" class=\"elementor elementor-952\">\n\t\t\t\t<div class=\"elementor-element elementor-element-17de36dd e-flex e-con-boxed parallax_section_no qode_elementor_container_no e-con e-parent\" data-id=\"17de36dd\" data-element_type=\"container\">\n\t\t\t\t\t<div class=\"e-con-inner\">\n\t\t<div class=\"elementor-element elementor-element-2eeea1a4 e-con-full e-flex parallax_section_no qode_elementor_container_no e-con e-child\" data-id=\"2eeea1a4\" data-element_type=\"container\">\n\t\t\t\t<div class=\"elementor-element elementor-element-2488e39b elementor-widget elementor-widget-text-editor\" data-id=\"2488e39b\" data-element_type=\"widget\" data-widget_type=\"text-editor.default\">\n\t\t\t\t<div class=\"elementor-widget-container\">\n\t\t\t\t\t\t\t\t\t<p><span style=\"font-weight: 400;\">Nuestro <\/span><b>Estudio Jur\u00eddico Esp\u00ednola &amp; Madariaga ofrece una asesor\u00eda legal experta en ley de tr\u00e1nsito (ley n\u00b0 18.290)<\/b><span style=\"font-weight: 400;\">, dando soluciones jur\u00eddicas de alta calidad y comprometi\u00e9ndonos a mantener informados a nuestros clientes, ya sea en calidad de v\u00edctimas o imputados, sobre el estado y avance de sus causas.<\/span><\/p>\t\t\t\t\t\t\t\t<\/div>\n\t\t\t\t<\/div>\n\t\t\t\t<div class=\"elementor-element elementor-element-7f463cdb elementor-widget-divider--view-line_icon elementor-view-default elementor-widget-divider--element-align-center elementor-widget elementor-widget-divider\" data-id=\"7f463cdb\" data-element_type=\"widget\" data-widget_type=\"divider.default\">\n\t\t\t\t<div class=\"elementor-widget-container\">\n\t\t\t\t\t\t\t<div class=\"elementor-divider\">\n\t\t\t<span class=\"elementor-divider-separator\">\n\t\t\t\t\t\t\t<div class=\"elementor-icon elementor-divider__element\">\n\t\t\t\t\t<svg aria-hidden=\"true\" class=\"e-font-icon-svg e-fas-balance-scale\" viewBox=\"0 0 640 512\" xmlns=\"http:\/\/www.w3.org\/2000\/svg\"><path d=\"M256 336h-.02c0-16.18 1.34-8.73-85.05-181.51-17.65-35.29-68.19-35.36-85.87 0C-2.06 328.75.02 320.33.02 336H0c0 44.18 57.31 80 128 80s128-35.82 128-80zM128 176l72 144H56l72-144zm511.98 160c0-16.18 1.34-8.73-85.05-181.51-17.65-35.29-68.19-35.36-85.87 0-87.12 174.26-85.04 165.84-85.04 181.51H384c0 44.18 57.31 80 128 80s128-35.82 128-80h-.02zM440 320l72-144 72 144H440zm88 128H352V153.25c23.51-10.29 41.16-31.48 46.39-57.25H528c8.84 0 16-7.16 16-16V48c0-8.84-7.16-16-16-16H383.64C369.04 12.68 346.09 0 320 0s-49.04 12.68-63.64 32H112c-8.84 0-16 7.16-16 16v32c0 8.84 7.16 16 16 16h129.61c5.23 25.76 22.87 46.96 46.39 57.25V448H112c-8.84 0-16 7.16-16 16v32c0 8.84 7.16 16 16 16h416c8.84 0 16-7.16 16-16v-32c0-8.84-7.16-16-16-16z\"><\/path><\/svg><\/div>\n\t\t\t\t\t\t<\/span>\n\t\t<\/div>\n\t\t\t\t\t\t<\/div>\n\t\t\t\t<\/div>\n\t\t\t\t<div class=\"elementor-element elementor-element-26af1bbe elementor-widget elementor-widget-text-editor\" data-id=\"26af1bbe\" data-element_type=\"widget\" data-widget_type=\"text-editor.default\">\n\t\t\t\t<div class=\"elementor-widget-container\">\n\t\t\t\t\t\t\t\t\t<p><span style=\"font-weight: 400;\">Si fuiste v\u00edctima, cont\u00e1ctanos para representarte legalmente e interponer la respectiva querella, a fin de dar curso a la investigaci\u00f3n penal por estos hechos y perseguir la responsabilidad penal del imputado o imputados.<\/span><\/p><p><span style=\"font-weight: 400;\"><br><\/span><\/p>\n<p><span style=\"font-weight: 400;\">Es imprescindible que la denuncia y querella se presenten a la brevedad, con el objeto de reunir antecedentes de cargo (levantamiento de c\u00e1maras y testigos), que permitan acreditar la existencia del cuasidelito o delito, e identidad y participaci\u00f3n del imputado.<\/span><\/p><p><span style=\"font-weight: 400;\"><br><\/span><\/p>\n<p><span style=\"font-weight: 400;\">Asimismo, es indispensable contar con un abogado de su confianza desde el inicio del proceso penal, puesto que como parte querellante se pueden solicitar medidas cautelares reales (retenci\u00f3n de bienes muebles determinados, prohibici\u00f3n de celebrar actos o contratos respecto de bienes muebles e inmuebles, etc.), para asegurar que el imputado tenga bienes suficientes que garanticen el cumplimiento de las obligaciones contra\u00eddas ante una eventual sentencia condenatoria, que exiga el pago de una suma de dinero a t\u00edtulo de indemnizaci\u00f3n en favor de la v\u00edctima.<\/span><\/p>\t\t\t\t\t\t\t\t<\/div>\n\t\t\t\t<\/div>\n\t\t\t\t<\/div>\n\t\t\t\t\t<\/div>\n\t\t\t\t<\/div>\n\t\t<div class=\"elementor-element elementor-element-7dfd7ee5 e-flex e-con-boxed parallax_section_no qode_elementor_container_no e-con e-parent\" data-id=\"7dfd7ee5\" data-element_type=\"container\">\n\t\t\t\t\t<div class=\"e-con-inner\">\n\t\t\t\t<div class=\"elementor-element elementor-element-f1ed1d9 elementor-widget elementor-widget-spacer\" data-id=\"f1ed1d9\" data-element_type=\"widget\" data-widget_type=\"spacer.default\">\n\t\t\t\t<div class=\"elementor-widget-container\">\n\t\t\t\t\t\t\t<div class=\"elementor-spacer\">\n\t\t\t<div class=\"elementor-spacer-inner\"><\/div>\n\t\t<\/div>\n\t\t\t\t\t\t<\/div>\n\t\t\t\t<\/div>\n\t\t\t\t\t<\/div>\n\t\t\t\t<\/div>\n\t\t<div class=\"elementor-element elementor-element-43f611b2 e-flex e-con-boxed parallax_section_no qode_elementor_container_no e-con e-parent\" data-id=\"43f611b2\" data-element_type=\"container\">\n\t\t\t\t\t<div class=\"e-con-inner\">\n\t\t<div class=\"elementor-element elementor-element-3972a65b e-con-full e-flex parallax_section_no qode_elementor_container_no e-con e-child\" data-id=\"3972a65b\" data-element_type=\"container\">\n\t\t\t\t<div class=\"elementor-element elementor-element-609b0a79 elementor-widget elementor-widget-heading\" data-id=\"609b0a79\" data-element_type=\"widget\" data-widget_type=\"heading.default\">\n\t\t\t\t<div class=\"elementor-widget-container\">\n\t\t\t\t\t<h4 class=\"elementor-heading-title elementor-size-default\">Cuasidelito de homicidio (art. 490 N\u00ba1, en relaci\u00f3n con el art. 492 del C\u00f3digo Penal)\n<\/h4>\t\t\t\t<\/div>\n\t\t\t\t<\/div>\n\t\t\t\t<\/div>\n\t\t<div class=\"elementor-element elementor-element-34a907b5 e-con-full e-flex parallax_section_no qode_elementor_container_no e-con e-child\" data-id=\"34a907b5\" data-element_type=\"container\">\n\t\t\t\t<div class=\"elementor-element elementor-element-69f82875 elementor-widget elementor-widget-text-editor\" data-id=\"69f82875\" data-element_type=\"widget\" data-widget_type=\"text-editor.default\">\n\t\t\t\t<div class=\"elementor-widget-container\">\n\t\t\t\t\t\t\t\t\t<p><span style=\"font-weight: 400;\">Comete este tipo penal aquella persona que por imprudencia, negligencia o culpa cause la muerte de otra (por ejemplo, por no respetar el derecho preferente de paso de la v\u00edctima y\/o no estar atento a las condiciones; con infracci\u00f3n a los art. 108, 139 y 167 Ley de Tr\u00e1nsito).<\/span><\/p><p><span style=\"font-weight: 400;\">La pena asociada es de reclusi\u00f3n menor en su grado m\u00ednimo a medio (de 61 d\u00edas a 3 a\u00f1os) y la suspensi\u00f3n de la licencia de conducir por uno a dos a\u00f1os (en caso de reincidencia, podr\u00e1 condenarse al conductor a inhabilidad perpetua para conducir veh\u00edculos a tracci\u00f3n mec\u00e1nica).<\/span><\/p>\t\t\t\t\t\t\t\t<\/div>\n\t\t\t\t<\/div>\n\t\t\t\t<\/div>\n\t\t\t\t\t<\/div>\n\t\t\t\t<\/div>\n\t\t<div class=\"elementor-element elementor-element-fbf9c43 e-flex e-con-boxed parallax_section_no qode_elementor_container_no e-con e-parent\" data-id=\"fbf9c43\" data-element_type=\"container\">\n\t\t\t\t\t<div class=\"e-con-inner\">\n\t\t<div class=\"elementor-element elementor-element-457efff e-con-full e-flex parallax_section_no qode_elementor_container_no e-con e-child\" data-id=\"457efff\" data-element_type=\"container\">\n\t\t\t\t<div class=\"elementor-element elementor-element-2af8432 elementor-widget elementor-widget-heading\" data-id=\"2af8432\" data-element_type=\"widget\" data-widget_type=\"heading.default\">\n\t\t\t\t<div class=\"elementor-widget-container\">\n\t\t\t\t\t<h4 class=\"elementor-heading-title elementor-size-default\">Cuasidelito de lesiones (art. 490 N\u00ba2 en relaci\u00f3n con el art. 397 del C\u00f3digo Penal)\n<\/h4>\t\t\t\t<\/div>\n\t\t\t\t<\/div>\n\t\t\t\t<\/div>\n\t\t<div class=\"elementor-element elementor-element-e3ab651 e-con-full e-flex parallax_section_no qode_elementor_container_no e-con e-child\" data-id=\"e3ab651\" data-element_type=\"container\">\n\t\t\t\t<div class=\"elementor-element elementor-element-2f49cfc elementor-widget elementor-widget-text-editor\" data-id=\"2f49cfc\" data-element_type=\"widget\" data-widget_type=\"text-editor.default\">\n\t\t\t\t<div class=\"elementor-widget-container\">\n\t\t\t\t\t\t\t\t\t<p><span style=\"font-weight: 400;\">Comete este delito culposo toda persona que por imprudencia, negligencia o culpa ocasione lesiones a otra.<\/span><\/p>\t\t\t\t\t\t\t\t<\/div>\n\t\t\t\t<\/div>\n\t\t\t\t<\/div>\n\t\t\t\t\t<\/div>\n\t\t\t\t<\/div>\n\t\t<div class=\"elementor-element elementor-element-4a15ee5 e-flex e-con-boxed parallax_section_no qode_elementor_container_no e-con e-parent\" data-id=\"4a15ee5\" data-element_type=\"container\">\n\t\t\t\t\t<div class=\"e-con-inner\">\n\t\t\t\t<div class=\"elementor-element elementor-element-5c5d2fa elementor-widget elementor-widget-spacer\" data-id=\"5c5d2fa\" data-element_type=\"widget\" data-widget_type=\"spacer.default\">\n\t\t\t\t<div class=\"elementor-widget-container\">\n\t\t\t\t\t\t\t<div class=\"elementor-spacer\">\n\t\t\t<div class=\"elementor-spacer-inner\"><\/div>\n\t\t<\/div>\n\t\t\t\t\t\t<\/div>\n\t\t\t\t<\/div>\n\t\t\t\t\t<\/div>\n\t\t\t\t<\/div>\n\t\t<div class=\"elementor-element elementor-element-1bd3adb8 e-flex e-con-boxed parallax_section_no qode_elementor_container_no e-con e-parent\" data-id=\"1bd3adb8\" data-element_type=\"container\" data-settings=\"{&quot;background_background&quot;:&quot;classic&quot;}\">\n\t\t\t\t\t<div class=\"e-con-inner\">\n\t\t<div class=\"elementor-element elementor-element-7cc51169 e-con-full e-flex parallax_section_no qode_elementor_container_no e-con e-child\" data-id=\"7cc51169\" data-element_type=\"container\">\n\t\t\t\t<div class=\"elementor-element elementor-element-2ccd066 elementor-widget elementor-widget-heading\" data-id=\"2ccd066\" data-element_type=\"widget\" data-widget_type=\"heading.default\">\n\t\t\t\t<div class=\"elementor-widget-container\">\n\t\t\t\t\t<h4 class=\"elementor-heading-title elementor-size-default\">\u00bfCu\u00e1l es la pena asignada que podr\u00eda imponerse \nal responsable de cuasidelito de lesiones?<\/h4>\t\t\t\t<\/div>\n\t\t\t\t<\/div>\n\t\t\t\t<div class=\"elementor-element elementor-element-1e6b04e1 elementor-widget elementor-widget-text-editor\" data-id=\"1e6b04e1\" data-element_type=\"widget\" data-widget_type=\"text-editor.default\">\n\t\t\t\t<div class=\"elementor-widget-container\">\n\t\t\t\t\t\t\t\t\t<p><span style=\"font-weight: 400;\">En el caso de que producto del accidente de tr\u00e1nsito, por ejemplo, la v\u00edctima quedara impedida de alg\u00fan miembro importante, o resultare con una enfermedad o incapacidad para el trabajo por m\u00e1s de treinta d\u00edas, la pena asignada corresponde a reclusi\u00f3n menor en su grado m\u00ednimo (61 a 540 d\u00edas) o multa de once a veinte UTM, y la la suspensi\u00f3n de la licencia de conducir por seis meses a un a\u00f1o (en caso de reincidencia, podr\u00e1 condenarse al conductor a inhabilidad perpetua para conducir veh\u00edculos a tracci\u00f3n mec\u00e1nica).<\/span><\/p>\t\t\t\t\t\t\t\t<\/div>\n\t\t\t\t<\/div>\n\t\t\t\t<\/div>\n\t\t\t\t\t<\/div>\n\t\t\t\t<\/div>\n\t\t<div class=\"elementor-element elementor-element-c785518 e-flex e-con-boxed parallax_section_no qode_elementor_container_no e-con e-parent\" data-id=\"c785518\" data-element_type=\"container\">\n\t\t\t\t\t<div class=\"e-con-inner\">\n\t\t\t\t<div class=\"elementor-element elementor-element-1419054 elementor-widget elementor-widget-spacer\" data-id=\"1419054\" data-element_type=\"widget\" data-widget_type=\"spacer.default\">\n\t\t\t\t<div class=\"elementor-widget-container\">\n\t\t\t\t\t\t\t<div class=\"elementor-spacer\">\n\t\t\t<div class=\"elementor-spacer-inner\"><\/div>\n\t\t<\/div>\n\t\t\t\t\t\t<\/div>\n\t\t\t\t<\/div>\n\t\t\t\t\t<\/div>\n\t\t\t\t<\/div>\n\t\t<div class=\"elementor-element elementor-element-4a35a18d e-con-full e-flex parallax_section_no qode_elementor_container_no e-con e-parent\" data-id=\"4a35a18d\" data-element_type=\"container\" data-settings=\"{&quot;background_background&quot;:&quot;classic&quot;}\">\n\t\t<div class=\"elementor-element elementor-element-7ed3e469 e-con-full e-flex parallax_section_no qode_elementor_container_no e-con e-child\" data-id=\"7ed3e469\" data-element_type=\"container\">\n\t\t<div class=\"elementor-element elementor-element-350b201a e-con-full e-flex parallax_section_no qode_elementor_container_no e-con e-child\" data-id=\"350b201a\" data-element_type=\"container\">\n\t\t\t\t<div class=\"elementor-element elementor-element-1d70827e elementor-widget elementor-widget-spacer\" data-id=\"1d70827e\" data-element_type=\"widget\" data-widget_type=\"spacer.default\">\n\t\t\t\t<div class=\"elementor-widget-container\">\n\t\t\t\t\t\t\t<div class=\"elementor-spacer\">\n\t\t\t<div class=\"elementor-spacer-inner\"><\/div>\n\t\t<\/div>\n\t\t\t\t\t\t<\/div>\n\t\t\t\t<\/div>\n\t\t\t\t<div class=\"elementor-element elementor-element-627c4111 elementor-view-default elementor-widget elementor-widget-icon\" data-id=\"627c4111\" data-element_type=\"widget\" data-widget_type=\"icon.default\">\n\t\t\t\t<div class=\"elementor-widget-container\">\n\t\t\t\t\t\t\t<div class=\"elementor-icon-wrapper\">\n\t\t\t<div class=\"elementor-icon\">\n\t\t\t<svg aria-hidden=\"true\" class=\"e-font-icon-svg e-fas-balance-scale-left\" viewBox=\"0 0 640 512\" xmlns=\"http:\/\/www.w3.org\/2000\/svg\"><path d=\"M528 448H352V153.25c20.42-8.94 36.1-26.22 43.38-47.47l132-44.26c8.38-2.81 12.89-11.88 10.08-20.26l-10.17-30.34C524.48 2.54 515.41-1.97 507.03.84L389.11 40.37C375.3 16.36 349.69 0 320 0c-44.18 0-80 35.82-80 80 0 3.43.59 6.71 1.01 10.03l-128.39 43.05c-8.38 2.81-12.89 11.88-10.08 20.26l10.17 30.34c2.81 8.38 11.88 12.89 20.26 10.08l142.05-47.63c4.07 2.77 8.43 5.12 12.99 7.12V496c0 8.84 7.16 16 16 16h224c8.84 0 16-7.16 16-16v-32c-.01-8.84-7.17-16-16.01-16zm111.98-144c0-16.18 1.34-8.73-85.05-181.51-17.65-35.29-68.19-35.36-85.87 0-87.12 174.26-85.04 165.84-85.04 181.51H384c0 44.18 57.31 80 128 80s128-35.82 128-80h-.02zM440 288l72-144 72 144H440zm-269.07-37.51c-17.65-35.29-68.19-35.36-85.87 0C-2.06 424.75.02 416.33.02 432H0c0 44.18 57.31 80 128 80s128-35.82 128-80h-.02c0-16.18 1.34-8.73-85.05-181.51zM56 416l72-144 72 144H56z\"><\/path><\/svg>\t\t\t<\/div>\n\t\t<\/div>\n\t\t\t\t\t\t<\/div>\n\t\t\t\t<\/div>\n\t\t\t\t<div class=\"elementor-element elementor-element-11d2d4ee elementor-widget__width-inherit e-transform elementor-hidden-mobile elementor-widget elementor-widget-heading\" data-id=\"11d2d4ee\" data-element_type=\"widget\" data-settings=\"{&quot;_transform_scale_effect&quot;:{&quot;unit&quot;:&quot;px&quot;,&quot;size&quot;:&quot;&quot;,&quot;sizes&quot;:[]},&quot;_transform_scale_effect_tablet&quot;:{&quot;unit&quot;:&quot;px&quot;,&quot;size&quot;:&quot;&quot;,&quot;sizes&quot;:[]},&quot;_transform_scale_effect_mobile&quot;:{&quot;unit&quot;:&quot;px&quot;,&quot;size&quot;:&quot;&quot;,&quot;sizes&quot;:[]}}\" data-widget_type=\"heading.default\">\n\t\t\t\t<div class=\"elementor-widget-container\">\n\t\t\t\t\t<h2 class=\"elementor-heading-title elementor-size-default\">Cont\u00e1ctanos<\/h2>\t\t\t\t<\/div>\n\t\t\t\t<\/div>\n\t\t\t\t<div class=\"elementor-element elementor-element-28bd69 elementor-widget__width-inherit e-transform elementor-hidden-desktop elementor-hidden-tablet elementor-widget elementor-widget-heading\" data-id=\"28bd69\" data-element_type=\"widget\" data-settings=\"{&quot;_transform_scale_effect&quot;:{&quot;unit&quot;:&quot;px&quot;,&quot;size&quot;:&quot;&quot;,&quot;sizes&quot;:[]},&quot;_transform_scale_effect_tablet&quot;:{&quot;unit&quot;:&quot;px&quot;,&quot;size&quot;:&quot;&quot;,&quot;sizes&quot;:[]},&quot;_transform_scale_effect_mobile&quot;:{&quot;unit&quot;:&quot;px&quot;,&quot;size&quot;:&quot;&quot;,&quot;sizes&quot;:[]}}\" data-widget_type=\"heading.default\">\n\t\t\t\t<div class=\"elementor-widget-container\">\n\t\t\t\t\t<h4 class=\"elementor-heading-title elementor-size-default\">Cont\u00e1ctanos<\/h4>\t\t\t\t<\/div>\n\t\t\t\t<\/div>\n\t\t\t\t<div class=\"elementor-element elementor-element-2882d803 elementor-widget elementor-widget-heading\" data-id=\"2882d803\" data-element_type=\"widget\" data-widget_type=\"heading.default\">\n\t\t\t\t<div class=\"elementor-widget-container\">\n\t\t\t\t\t<h5 class=\"elementor-heading-title elementor-size-default\">Comprometidos con tu Defensa y la Justicia.<\/h5>\t\t\t\t<\/div>\n\t\t\t\t<\/div>\n\t\t\t\t<div class=\"elementor-element elementor-element-1c3ed229 elementor-widget elementor-widget-text-editor\" data-id=\"1c3ed229\" data-element_type=\"widget\" data-widget_type=\"text-editor.default\">\n\t\t\t\t<div class=\"elementor-widget-container\">\n\t\t\t\t\t\t\t\t\t\n\nDefendemos tus derechos con firmeza y dedicaci\u00f3n. En cada caso, buscamos la justicia que mereces con un equipo legal experto en derecho penal.\t\t\t\t\t\t\t\t<\/div>\n\t\t\t\t<\/div>\n\t\t\t\t<\/div>\n\t\t\t\t<\/div>\n\t\t<div class=\"elementor-element elementor-element-4e461d79 e-con-full e-flex parallax_section_no qode_elementor_container_no e-con e-child\" data-id=\"4e461d79\" data-element_type=\"container\">\n\t\t\t\t<div class=\"elementor-element elementor-element-fa74ca1 elementor-widget elementor-widget-wpforms\" data-id=\"fa74ca1\" data-element_type=\"widget\" data-widget_type=\"wpforms.default\">\n\t\t\t\t<div class=\"elementor-widget-container\">\n\t\t\t\t\t<style id=\"wpforms-css-vars-elementor-widget-fa74ca1\">\n\t\t\t\t.elementor-widget-wpforms.elementor-element-fa74ca1 {\n\t\t\t\t--wpforms-label-color: #FFFFFF;\n--wpforms-label-sublabel-color: #7592DA;\n--wpforms-label-error-color: #FFFFFF;\n--wpforms-button-background-color: #FFFFFF;\n--wpforms-button-text-color: #00123A;\n\t\t\t}\n\t\t\t<\/style><div class=\"wpforms-container wpforms-container-full wpforms-render-modern\" id=\"wpforms-1657\"><form id=\"wpforms-form-1657\" class=\"wpforms-validate wpforms-form wpforms-ajax-form\" data-formid=\"1657\" method=\"post\" enctype=\"multipart\/form-data\" action=\"\/index.php?rest_route=%2Fwp%2Fv2%2Fpages%2F952\" data-token=\"30a644d7f810fdd6e8655b7350c0cc76\" data-token-time=\"1777999465\"><noscript class=\"wpforms-error-noscript\">Por favor, activa JavaScript en tu navegador para completar este formulario.<\/noscript><div id=\"wpforms-error-noscript\" style=\"display: none;\">Por favor, activa JavaScript en tu navegador para completar este formulario.<\/div><div class=\"wpforms-field-container\">\t\t<div id=\"wpforms-1657-field_4-container\"\n\t\t\tclass=\"wpforms-field wpforms-field-text\"\n\t\t\tdata-field-type=\"text\"\n\t\t\tdata-field-id=\"4\"\n\t\t\t>\n\t\t\t<label class=\"wpforms-field-label\" for=\"wpforms-1657-field_4\" >electr\u00f3nico mensaje Celular<\/label>\n\t\t\t<input type=\"text\" id=\"wpforms-1657-field_4\" class=\"wpforms-field-medium\" name=\"wpforms[fields][4]\" >\n\t\t<\/div>\n\t\t<div id=\"wpforms-1657-field_1-container\" class=\"wpforms-field wpforms-field-name\" data-field-id=\"1\"><label class=\"wpforms-field-label\" for=\"wpforms-1657-field_1\">Nombre <span class=\"wpforms-required-label\" aria-hidden=\"true\">*<\/span><\/label><input type=\"text\" id=\"wpforms-1657-field_1\" class=\"wpforms-field-large wpforms-field-required\" name=\"wpforms[fields][1]\" placeholder=\"Ej. Juana Maria\" aria-errormessage=\"wpforms-1657-field_1-error\" required><\/div><div id=\"wpforms-1657-field_2-container\" class=\"wpforms-field wpforms-field-email\" data-field-id=\"2\"><label class=\"wpforms-field-label\" for=\"wpforms-1657-field_2\">Correo electr\u00f3nico <span class=\"wpforms-required-label\" aria-hidden=\"true\">*<\/span><\/label><input type=\"email\" id=\"wpforms-1657-field_2\" class=\"wpforms-field-large wpforms-field-required\" name=\"wpforms[fields][2]\" placeholder=\"Ej. correo@gmail.com\" spellcheck=\"false\" aria-errormessage=\"wpforms-1657-field_2-error\" required><\/div><div id=\"wpforms-1657-field_5-container\" class=\"wpforms-field wpforms-field-number\" data-field-id=\"5\"><label class=\"wpforms-field-label\" for=\"wpforms-1657-field_5\">Celular <span class=\"wpforms-required-label\" aria-hidden=\"true\">*<\/span><\/label><input type=\"number\" id=\"wpforms-1657-field_5\" class=\"wpforms-field-large wpforms-field-required\" name=\"wpforms[fields][5]\" placeholder=\"Ej. 99993333\" step=\"any\" aria-errormessage=\"wpforms-1657-field_5-error\" required><\/div><div id=\"wpforms-1657-field_3-container\" class=\"wpforms-field wpforms-field-textarea\" data-field-id=\"3\"><label class=\"wpforms-field-label\" for=\"wpforms-1657-field_3\">Tu mensaje <span class=\"wpforms-required-label\" aria-hidden=\"true\">*<\/span><\/label><textarea id=\"wpforms-1657-field_3\" class=\"wpforms-field-medium wpforms-field-required\" name=\"wpforms[fields][3]\" placeholder=\"Escribir mensaje\" aria-errormessage=\"wpforms-1657-field_3-error\" required><\/textarea><\/div><script>\n\t\t\t\t( function() {\n\t\t\t\t\tconst style = document.createElement( 'style' );\n\t\t\t\t\tstyle.appendChild( document.createTextNode( '#wpforms-1657-field_4-container { position: absolute !important; overflow: hidden !important; display: inline !important; height: 1px !important; width: 1px !important; z-index: -1000 !important; padding: 0 !important; } #wpforms-1657-field_4-container input { visibility: hidden; } #wpforms-conversational-form-page #wpforms-1657-field_4-container label { counter-increment: none; }' ) );\n\t\t\t\t\tdocument.head.appendChild( style );\n\t\t\t\t\tdocument.currentScript?.remove();\n\t\t\t\t} )();\n\t\t\t<\/script><\/div><!-- .wpforms-field-container --><div class=\"wpforms-recaptcha-container wpforms-is-recaptcha wpforms-is-recaptcha-type-v2\" ><div class=\"g-recaptcha\" data-sitekey=\"6LfPTngqAAAAAN9I6PyUERbqmZdR5It65pCp3V0t\"><\/div><input type=\"text\" name=\"g-recaptcha-hidden\" class=\"wpforms-recaptcha-hidden\" style=\"position:absolute!important;clip:rect(0,0,0,0)!important;height:1px!important;width:1px!important;border:0!important;overflow:hidden!important;padding:0!important;margin:0!important;\" data-rule-recaptcha=\"1\"><\/div><div class=\"wpforms-submit-container\" ><input type=\"hidden\" name=\"wpforms[id]\" value=\"1657\"><input type=\"hidden\" name=\"page_title\" value=\"\"><input type=\"hidden\" name=\"page_url\" value=\"https:\/\/eymabogados.cl\/index.php?rest_route=\/wp\/v2\/pages\/952\"><input type=\"hidden\" name=\"url_referer\" value=\"\"><button type=\"submit\" name=\"wpforms[submit]\" id=\"wpforms-submit-1657\" class=\"wpforms-submit\" data-alt-text=\"Enviando...\" data-submit-text=\"Enviar\" aria-live=\"assertive\" value=\"wpforms-submit\">Enviar<\/button><img decoding=\"async\" src=\"https:\/\/eymabogados.cl\/wp-content\/plugins\/wpforms-lite\/assets\/images\/submit-spin.svg\" class=\"wpforms-submit-spinner\" style=\"display: none;\" width=\"26\" height=\"26\" alt=\"Cargando\"><\/div><\/form><\/div>  <!-- .wpforms-container -->\t\t\t\t<\/div>\n\t\t\t\t<\/div>\n\t\t\t\t<\/div>\n\t\t\t\t<\/div>\n\t\t<div class=\"elementor-element elementor-element-fc88e11 e-flex e-con-boxed parallax_section_no qode_elementor_container_no e-con e-parent\" data-id=\"fc88e11\" data-element_type=\"container\">\n\t\t\t\t\t<div class=\"e-con-inner\">\n\t\t\t\t<div class=\"elementor-element elementor-element-7932f8d elementor-widget elementor-widget-spacer\" data-id=\"7932f8d\" data-element_type=\"widget\" data-widget_type=\"spacer.default\">\n\t\t\t\t<div class=\"elementor-widget-container\">\n\t\t\t\t\t\t\t<div class=\"elementor-spacer\">\n\t\t\t<div class=\"elementor-spacer-inner\"><\/div>\n\t\t<\/div>\n\t\t\t\t\t\t<\/div>\n\t\t\t\t<\/div>\n\t\t\t\t\t<\/div>\n\t\t\t\t<\/div>\n\t\t\t\t<\/div>\n\t\t","protected":false},"excerpt":{"rendered":"<p>Nuestro Estudio Jur\u00eddico Esp\u00ednola &amp; Madariaga ofrece una asesor\u00eda legal experta en ley de tr\u00e1nsito (ley n\u00b0 18.290), dando soluciones jur\u00eddicas de alta calidad y comprometi\u00e9ndonos a mantener informados a nuestros clientes, ya sea en calidad de v\u00edctimas o imputados, sobre el estado y avance&#8230;<\/p>\n","protected":false},"author":1,"featured_media":0,"parent":0,"menu_order":0,"comment_status":"closed","ping_status":"closed","template":"","meta":{"footnotes":""},"class_list":["post-952","page","type-page","status-publish","hentry"],"_links":{"self":[{"href":"https:\/\/eymabogados.cl\/index.php?rest_route=\/wp\/v2\/pages\/952","targetHints":{"allow":["GET"]}}],"collection":[{"href":"https:\/\/eymabogados.cl\/index.php?rest_route=\/wp\/v2\/pages"}],"about":[{"href":"https:\/\/eymabogados.cl\/index.php?rest_route=\/wp\/v2\/types\/page"}],"author":[{"embeddable":true,"href":"https:\/\/eymabogados.cl\/index.php?rest_route=\/wp\/v2\/users\/1"}],"replies":[{"embeddable":true,"href":"https:\/\/eymabogados.cl\/index.php?rest_route=%2Fwp%2Fv2%2Fcomments&post=952"}],"version-history":[{"count":37,"href":"https:\/\/eymabogados.cl\/index.php?rest_route=\/wp\/v2\/pages\/952\/revisions"}],"predecessor-version":[{"id":1705,"href":"https:\/\/eymabogados.cl\/index.php?rest_route=\/wp\/v2\/pages\/952\/revisions\/1705"}],"wp:attachment":[{"href":"https:\/\/eymabogados.cl\/index.php?rest_route=%2Fwp%2Fv2%2Fmedia&parent=952"}],"curies":[{"name":"wp","href":"https:\/\/api.w.org\/{rel}","templated":true}]}}