{"id":964,"date":"2024-09-12T02:12:06","date_gmt":"2024-09-12T02:12:06","guid":{"rendered":"https:\/\/eymabogados.cl\/?page_id=964"},"modified":"2024-11-08T14:37:52","modified_gmt":"2024-11-08T14:37:52","slug":"delitos-economicos","status":"publish","type":"page","link":"https:\/\/eymabogados.cl\/?page_id=964","title":{"rendered":"Delitos econ\u00f3micos"},"content":{"rendered":"\t\t<div data-elementor-type=\"wp-page\" data-elementor-id=\"964\" class=\"elementor elementor-964\">\n\t\t\t\t<div class=\"elementor-element elementor-element-37bcb252 e-flex e-con-boxed parallax_section_no qode_elementor_container_no e-con e-parent\" data-id=\"37bcb252\" data-element_type=\"container\">\n\t\t\t\t\t<div class=\"e-con-inner\">\n\t\t<div class=\"elementor-element elementor-element-1234c0f7 e-con-full e-flex parallax_section_no qode_elementor_container_no e-con e-child\" data-id=\"1234c0f7\" data-element_type=\"container\">\n\t\t\t\t<div class=\"elementor-element elementor-element-4cf94e4a elementor-widget elementor-widget-text-editor\" data-id=\"4cf94e4a\" data-element_type=\"widget\" data-widget_type=\"text-editor.default\">\n\t\t\t\t<div class=\"elementor-widget-container\">\n\t\t\t\t\t\t\t\t\t<p><span style=\"font-weight: 400;\">Nuestro <\/span><b>Estudio Jur\u00eddico Esp\u00ednola &amp; Madariaga ofrece una asesor\u00eda legal experta en delitos econ\u00f3micos<\/b><span style=\"font-weight: 400;\">, dando soluciones jur\u00eddicas de alta calidad y comprometi\u00e9ndonos a mantener informados a nuestros clientes, ya sea en calidad de v\u00edctimas o imputados, sobre el estado y avance de sus causas.<\/span><\/p>\t\t\t\t\t\t\t\t<\/div>\n\t\t\t\t<\/div>\n\t\t\t\t<div class=\"elementor-element elementor-element-3152d23a elementor-widget-divider--view-line_icon elementor-view-default elementor-widget-divider--element-align-center elementor-widget elementor-widget-divider\" data-id=\"3152d23a\" data-element_type=\"widget\" data-widget_type=\"divider.default\">\n\t\t\t\t<div class=\"elementor-widget-container\">\n\t\t\t\t\t\t\t<div class=\"elementor-divider\">\n\t\t\t<span class=\"elementor-divider-separator\">\n\t\t\t\t\t\t\t<div class=\"elementor-icon elementor-divider__element\">\n\t\t\t\t\t<svg aria-hidden=\"true\" class=\"e-font-icon-svg e-fas-balance-scale\" viewBox=\"0 0 640 512\" xmlns=\"http:\/\/www.w3.org\/2000\/svg\"><path d=\"M256 336h-.02c0-16.18 1.34-8.73-85.05-181.51-17.65-35.29-68.19-35.36-85.87 0C-2.06 328.75.02 320.33.02 336H0c0 44.18 57.31 80 128 80s128-35.82 128-80zM128 176l72 144H56l72-144zm511.98 160c0-16.18 1.34-8.73-85.05-181.51-17.65-35.29-68.19-35.36-85.87 0-87.12 174.26-85.04 165.84-85.04 181.51H384c0 44.18 57.31 80 128 80s128-35.82 128-80h-.02zM440 320l72-144 72 144H440zm88 128H352V153.25c23.51-10.29 41.16-31.48 46.39-57.25H528c8.84 0 16-7.16 16-16V48c0-8.84-7.16-16-16-16H383.64C369.04 12.68 346.09 0 320 0s-49.04 12.68-63.64 32H112c-8.84 0-16 7.16-16 16v32c0 8.84 7.16 16 16 16h129.61c5.23 25.76 22.87 46.96 46.39 57.25V448H112c-8.84 0-16 7.16-16 16v32c0 8.84 7.16 16 16 16h416c8.84 0 16-7.16 16-16v-32c0-8.84-7.16-16-16-16z\"><\/path><\/svg><\/div>\n\t\t\t\t\t\t<\/span>\n\t\t<\/div>\n\t\t\t\t\t\t<\/div>\n\t\t\t\t<\/div>\n\t\t\t\t<div class=\"elementor-element elementor-element-270fb17c elementor-widget elementor-widget-text-editor\" data-id=\"270fb17c\" data-element_type=\"widget\" data-widget_type=\"text-editor.default\">\n\t\t\t\t<div class=\"elementor-widget-container\">\n\t\t\t\t\t\t\t\t\t<p><span style=\"font-weight: 400;\">Si fuiste v\u00edctima, cont\u00e1ctanos para representarte legalmente e interponer la respectiva querella, a fin de dar curso a la investigaci\u00f3n penal por estos hechos y perseguir la responsabilidad penal de los imputados.<\/span><\/p><p><span style=\"font-weight: 400;\"><br><\/span><\/p>\n<p><span style=\"font-weight: 400;\">Es imprescindible que la denuncia y querella se presenten a la brevedad, con el objeto de reunir antecedentes de cargo (prueba testimonial, documental y pericial), que permitan acreditar la existencia del delito, identidad y participaci\u00f3n de los imputados.<\/span><\/p><p><span style=\"font-weight: 400;\"><br><\/span><\/p>\n<p><span style=\"font-weight: 400;\">Asimismo, es indispensable contar con un abogado de su confianza desde el inicio del proceso penal, puesto que como parte querellante se pueden solicitar medidas cautelares reales (retenci\u00f3n de bienes muebles determinados, prohibici\u00f3n de celebrar actos o contratos respecto de bienes muebles e inmuebles, etc.), para asegurar que el imputado tenga bienes suficientes que garanticen el cumplimiento de las obligaciones contra\u00eddas ante una eventual sentencia condenatoria, que exiga el pago de una suma de dinero a t\u00edtulo de indemnizaci\u00f3n en favor de la v\u00edctima.<\/span><\/p>\n<p><span style=\"font-weight: 400;\">&nbsp;<\/span><\/p>\t\t\t\t\t\t\t\t<\/div>\n\t\t\t\t<\/div>\n\t\t\t\t<\/div>\n\t\t\t\t\t<\/div>\n\t\t\t\t<\/div>\n\t\t<div class=\"elementor-element elementor-element-4c6a791d e-flex e-con-boxed parallax_section_no qode_elementor_container_no e-con e-parent\" data-id=\"4c6a791d\" data-element_type=\"container\">\n\t\t\t\t\t<div class=\"e-con-inner\">\n\t\t\t\t<div class=\"elementor-element elementor-element-73215b14 elementor-widget elementor-widget-spacer\" data-id=\"73215b14\" data-element_type=\"widget\" data-widget_type=\"spacer.default\">\n\t\t\t\t<div class=\"elementor-widget-container\">\n\t\t\t\t\t\t\t<div class=\"elementor-spacer\">\n\t\t\t<div class=\"elementor-spacer-inner\"><\/div>\n\t\t<\/div>\n\t\t\t\t\t\t<\/div>\n\t\t\t\t<\/div>\n\t\t\t\t\t<\/div>\n\t\t\t\t<\/div>\n\t\t<div class=\"elementor-element elementor-element-473f05ba e-flex e-con-boxed parallax_section_no qode_elementor_container_no e-con e-parent\" data-id=\"473f05ba\" data-element_type=\"container\">\n\t\t\t\t\t<div class=\"e-con-inner\">\n\t\t<div class=\"elementor-element elementor-element-7c070749 e-con-full e-flex parallax_section_no qode_elementor_container_no e-con e-child\" data-id=\"7c070749\" data-element_type=\"container\">\n\t\t\t\t<div class=\"elementor-element elementor-element-3202055e elementor-widget elementor-widget-heading\" data-id=\"3202055e\" data-element_type=\"widget\" data-widget_type=\"heading.default\">\n\t\t\t\t<div class=\"elementor-widget-container\">\n\t\t\t\t\t<h4 class=\"elementor-heading-title elementor-size-default\">Estafa (art. 467 y 468 C\u00f3digo Penal)<\/h4>\t\t\t\t<\/div>\n\t\t\t\t<\/div>\n\t\t\t\t<\/div>\n\t\t<div class=\"elementor-element elementor-element-639c53be e-con-full e-flex parallax_section_no qode_elementor_container_no e-con e-child\" data-id=\"639c53be\" data-element_type=\"container\">\n\t\t\t\t<div class=\"elementor-element elementor-element-fec3c7a elementor-widget elementor-widget-text-editor\" data-id=\"fec3c7a\" data-element_type=\"widget\" data-widget_type=\"text-editor.default\">\n\t\t\t\t<div class=\"elementor-widget-container\">\n\t\t\t\t\t\t\t\t\t<p><span style=\"font-weight: 400;\">Comete estafa aquella persona que, con \u00e1nimo de lucro, mediante enga\u00f1o provoque en otra un error, haci\u00e9ndolo incurrir en una disposici\u00f3n patrimonial -que puede ser en el patrimonio propio o ajeno-, causando un perjuicio patrimonial.<\/span><\/p><p><span style=\"font-weight: 400;\">La doctrina ha definido el enga\u00f1o como \u201cla simulaci\u00f3n o disimulaci\u00f3n capaz de inducir a error, y siempre importa una conducta activa de parte del agente, desde que no existe un deber jur\u00eddico de decir toda la verdad, que ligue jur\u00eddicamente a los particulares en el manejo de sus negocios\u00bb.<\/span><\/p><p><span style=\"font-weight: 400;\">\u00a0<\/span><\/p><p><span style=\"font-weight: 400;\">En ese sentido, el art. 468 del C\u00f3digo Penal entrega ejemplos de enga\u00f1o: usar de nombre fingido, atribuy\u00e9ndose poder, influencia o cr\u00e9dito supuestos, aparentando bienes, cr\u00e9dito, comisi\u00f3n, empresa o negociaci\u00f3n imaginarios, entre otros.<\/span><\/p><p><span style=\"font-weight: 400;\">\u00a0<\/span><\/p><p><span style=\"font-weight: 400;\">La pena requerida depender\u00e1 de la cuant\u00eda defraudada, de la existencia de circunstancias agravantes, la reincidencia del estafador o reiteraci\u00f3n de delitos de la misma especie (contra el mismo bien jur\u00eddico protegido) y de la extensi\u00f3n del mal causado.<\/span><\/p><p><span style=\"font-weight: 400;\">\u00a0<\/span><\/p><p><strong>Las penas asignadas son las siguientes:<\/strong><\/p><p><span style=\"font-weight: 400;\">Si el perjuicio excede de 40.000 UTM, se aplicar\u00e1 la pena de 3 a\u00f1os y 1 d\u00eda a 10 a\u00f1os y una mula de 300 a 500 UTM.<\/span><\/p><p><span style=\"font-weight: 400;\">Si el perjuicio excede de 400 UTM y no pasa las 40.000 UTM, se aplicar\u00e1 la pena de 3 a\u00f1os y 1 d\u00eda a 5 a\u00f1os y una multa de 21 a 300 UTM.<\/span><\/p><p><span style=\"font-weight: 400;\">Si excede de 40 UTM y no pasa de 400 UTM, la pena ser\u00e1 de 541 d\u00edas a 5 a\u00f1os y multa de 11 a 15 UTM.<\/span><\/p><p><span style=\"font-weight: 400;\">Si el valor excede de 4 UTM y menos de 40 UTM, la pena ser\u00e1 de 541 d\u00edas a 3 a\u00f1os y multa de 6 a 10 UTM.<\/span><\/p><p><span style=\"font-weight: 400;\">Si excede 1 UTM y menos de 4 UTM, la pena ser\u00e1 de 61 a 540 d\u00edas y multa de 5 UTM.<\/span><\/p>\t\t\t\t\t\t\t\t<\/div>\n\t\t\t\t<\/div>\n\t\t\t\t<\/div>\n\t\t\t\t\t<\/div>\n\t\t\t\t<\/div>\n\t\t<div class=\"elementor-element elementor-element-275f076 e-flex e-con-boxed parallax_section_no qode_elementor_container_no e-con e-parent\" data-id=\"275f076\" data-element_type=\"container\">\n\t\t\t\t\t<div class=\"e-con-inner\">\n\t\t<div class=\"elementor-element elementor-element-077dbec e-con-full e-flex parallax_section_no qode_elementor_container_no e-con e-child\" data-id=\"077dbec\" data-element_type=\"container\">\n\t\t\t\t<div class=\"elementor-element elementor-element-1d9af07 elementor-widget elementor-widget-heading\" data-id=\"1d9af07\" data-element_type=\"widget\" data-widget_type=\"heading.default\">\n\t\t\t\t<div class=\"elementor-widget-container\">\n\t\t\t\t\t<h4 class=\"elementor-heading-title elementor-size-default\">Apropiaci\u00f3n indebida (art. 470 N\u00ba 1 del C\u00f3digo Penal)<\/h4>\t\t\t\t<\/div>\n\t\t\t\t<\/div>\n\t\t\t\t<\/div>\n\t\t<div class=\"elementor-element elementor-element-91c20b1 e-con-full e-flex parallax_section_no qode_elementor_container_no e-con e-child\" data-id=\"91c20b1\" data-element_type=\"container\">\n\t\t\t\t<div class=\"elementor-element elementor-element-a4ce745 elementor-widget elementor-widget-text-editor\" data-id=\"a4ce745\" data-element_type=\"widget\" data-widget_type=\"text-editor.default\">\n\t\t\t\t<div class=\"elementor-widget-container\">\n\t\t\t\t\t\t\t\t\t<p><span style=\"font-weight: 400;\">Comete este delito toda persona que se apropia o sustrae dinero, o cualquier otra cosa mueble que hubiere recibido en dep\u00f3sito, comisi\u00f3n o administraci\u00f3n, o por otro t\u00edtulo que produzca obligaci\u00f3n de entregarla o devolverla, en perjuicio de otra persona.\u00a0<\/span><\/p><p><span style=\"font-weight: 400;\">Las penas var\u00edan seg\u00fan el monto de lo apropiado, siendo la pena m\u00e1s alta la de presidio menor en su grado m\u00e1ximo ( 3 a\u00f1os y 1 d\u00eda a 5 a\u00f1os) y multa de 21 a 30 UTM.<\/span><\/p>\t\t\t\t\t\t\t\t<\/div>\n\t\t\t\t<\/div>\n\t\t\t\t<\/div>\n\t\t\t\t\t<\/div>\n\t\t\t\t<\/div>\n\t\t<div class=\"elementor-element elementor-element-431c4f3 e-flex e-con-boxed parallax_section_no qode_elementor_container_no e-con e-parent\" data-id=\"431c4f3\" data-element_type=\"container\">\n\t\t\t\t\t<div class=\"e-con-inner\">\n\t\t<div class=\"elementor-element elementor-element-51cec2d e-con-full e-flex parallax_section_no qode_elementor_container_no e-con e-child\" data-id=\"51cec2d\" data-element_type=\"container\">\n\t\t\t\t<div class=\"elementor-element elementor-element-24123c6 elementor-widget elementor-widget-heading\" data-id=\"24123c6\" data-element_type=\"widget\" data-widget_type=\"heading.default\">\n\t\t\t\t<div class=\"elementor-widget-container\">\n\t\t\t\t\t<h4 class=\"elementor-heading-title elementor-size-default\">Excusa legal absolutoria (art. 489 C\u00f3digo Penal)\n<\/h4>\t\t\t\t<\/div>\n\t\t\t\t<\/div>\n\t\t\t\t<\/div>\n\t\t<div class=\"elementor-element elementor-element-7ed86c1 e-con-full e-flex parallax_section_no qode_elementor_container_no e-con e-child\" data-id=\"7ed86c1\" data-element_type=\"container\">\n\t\t\t\t<div class=\"elementor-element elementor-element-6579a07 elementor-widget elementor-widget-text-editor\" data-id=\"6579a07\" data-element_type=\"widget\" data-widget_type=\"text-editor.default\">\n\t\t\t\t<div class=\"elementor-widget-container\">\n\t\t\t\t\t\t\t\t\t<p><span style=\"font-weight: 400;\">La ley establece que, los autores de los delitos de estafa o apropiaci\u00f3n indebida, est\u00e1n exentos de responsabilidad penal y s\u00f3lo sujetos a la civil, cuando la v\u00edctima sea su c\u00f3nyuge, conviviente civil, madre, padre, hermana\/o, suegra\/o.<\/span><\/p><p><span style=\"font-weight: 400;\">Esta exenci\u00f3n no ser\u00e1 aplicable cuando la v\u00edctima sea una persona mayor de 60 a\u00f1os.<\/span><\/p>\t\t\t\t\t\t\t\t<\/div>\n\t\t\t\t<\/div>\n\t\t\t\t<\/div>\n\t\t\t\t\t<\/div>\n\t\t\t\t<\/div>\n\t\t<div class=\"elementor-element elementor-element-8922bbe e-flex e-con-boxed parallax_section_no qode_elementor_container_no e-con e-parent\" data-id=\"8922bbe\" data-element_type=\"container\">\n\t\t\t\t\t<div class=\"e-con-inner\">\n\t\t\t\t<div class=\"elementor-element elementor-element-360c782 elementor-widget elementor-widget-spacer\" data-id=\"360c782\" data-element_type=\"widget\" data-widget_type=\"spacer.default\">\n\t\t\t\t<div class=\"elementor-widget-container\">\n\t\t\t\t\t\t\t<div class=\"elementor-spacer\">\n\t\t\t<div class=\"elementor-spacer-inner\"><\/div>\n\t\t<\/div>\n\t\t\t\t\t\t<\/div>\n\t\t\t\t<\/div>\n\t\t\t\t\t<\/div>\n\t\t\t\t<\/div>\n\t\t<div class=\"elementor-element elementor-element-62aefd32 e-con-full e-flex parallax_section_no qode_elementor_container_no e-con e-parent\" data-id=\"62aefd32\" data-element_type=\"container\" data-settings=\"{&quot;background_background&quot;:&quot;classic&quot;}\">\n\t\t<div class=\"elementor-element elementor-element-2bbf94d5 e-con-full e-flex parallax_section_no qode_elementor_container_no e-con e-child\" data-id=\"2bbf94d5\" data-element_type=\"container\">\n\t\t<div class=\"elementor-element elementor-element-109ae806 e-con-full e-flex parallax_section_no qode_elementor_container_no e-con e-child\" data-id=\"109ae806\" data-element_type=\"container\">\n\t\t\t\t<div class=\"elementor-element elementor-element-738b464f elementor-widget elementor-widget-spacer\" data-id=\"738b464f\" data-element_type=\"widget\" data-widget_type=\"spacer.default\">\n\t\t\t\t<div class=\"elementor-widget-container\">\n\t\t\t\t\t\t\t<div class=\"elementor-spacer\">\n\t\t\t<div class=\"elementor-spacer-inner\"><\/div>\n\t\t<\/div>\n\t\t\t\t\t\t<\/div>\n\t\t\t\t<\/div>\n\t\t\t\t<div class=\"elementor-element elementor-element-7f09a4d1 elementor-view-default elementor-widget elementor-widget-icon\" data-id=\"7f09a4d1\" data-element_type=\"widget\" data-widget_type=\"icon.default\">\n\t\t\t\t<div class=\"elementor-widget-container\">\n\t\t\t\t\t\t\t<div class=\"elementor-icon-wrapper\">\n\t\t\t<div class=\"elementor-icon\">\n\t\t\t<svg aria-hidden=\"true\" class=\"e-font-icon-svg e-fas-balance-scale-left\" viewBox=\"0 0 640 512\" xmlns=\"http:\/\/www.w3.org\/2000\/svg\"><path d=\"M528 448H352V153.25c20.42-8.94 36.1-26.22 43.38-47.47l132-44.26c8.38-2.81 12.89-11.88 10.08-20.26l-10.17-30.34C524.48 2.54 515.41-1.97 507.03.84L389.11 40.37C375.3 16.36 349.69 0 320 0c-44.18 0-80 35.82-80 80 0 3.43.59 6.71 1.01 10.03l-128.39 43.05c-8.38 2.81-12.89 11.88-10.08 20.26l10.17 30.34c2.81 8.38 11.88 12.89 20.26 10.08l142.05-47.63c4.07 2.77 8.43 5.12 12.99 7.12V496c0 8.84 7.16 16 16 16h224c8.84 0 16-7.16 16-16v-32c-.01-8.84-7.17-16-16.01-16zm111.98-144c0-16.18 1.34-8.73-85.05-181.51-17.65-35.29-68.19-35.36-85.87 0-87.12 174.26-85.04 165.84-85.04 181.51H384c0 44.18 57.31 80 128 80s128-35.82 128-80h-.02zM440 288l72-144 72 144H440zm-269.07-37.51c-17.65-35.29-68.19-35.36-85.87 0C-2.06 424.75.02 416.33.02 432H0c0 44.18 57.31 80 128 80s128-35.82 128-80h-.02c0-16.18 1.34-8.73-85.05-181.51zM56 416l72-144 72 144H56z\"><\/path><\/svg>\t\t\t<\/div>\n\t\t<\/div>\n\t\t\t\t\t\t<\/div>\n\t\t\t\t<\/div>\n\t\t\t\t<div class=\"elementor-element elementor-element-457a14c0 elementor-widget__width-inherit e-transform elementor-hidden-mobile elementor-widget elementor-widget-heading\" data-id=\"457a14c0\" data-element_type=\"widget\" data-settings=\"{&quot;_transform_scale_effect&quot;:{&quot;unit&quot;:&quot;px&quot;,&quot;size&quot;:&quot;&quot;,&quot;sizes&quot;:[]},&quot;_transform_scale_effect_tablet&quot;:{&quot;unit&quot;:&quot;px&quot;,&quot;size&quot;:&quot;&quot;,&quot;sizes&quot;:[]},&quot;_transform_scale_effect_mobile&quot;:{&quot;unit&quot;:&quot;px&quot;,&quot;size&quot;:&quot;&quot;,&quot;sizes&quot;:[]}}\" data-widget_type=\"heading.default\">\n\t\t\t\t<div class=\"elementor-widget-container\">\n\t\t\t\t\t<h2 class=\"elementor-heading-title elementor-size-default\">Cont\u00e1ctanos<\/h2>\t\t\t\t<\/div>\n\t\t\t\t<\/div>\n\t\t\t\t<div class=\"elementor-element elementor-element-3e67804a elementor-widget__width-inherit e-transform elementor-hidden-desktop elementor-hidden-tablet elementor-widget elementor-widget-heading\" data-id=\"3e67804a\" data-element_type=\"widget\" data-settings=\"{&quot;_transform_scale_effect&quot;:{&quot;unit&quot;:&quot;px&quot;,&quot;size&quot;:&quot;&quot;,&quot;sizes&quot;:[]},&quot;_transform_scale_effect_tablet&quot;:{&quot;unit&quot;:&quot;px&quot;,&quot;size&quot;:&quot;&quot;,&quot;sizes&quot;:[]},&quot;_transform_scale_effect_mobile&quot;:{&quot;unit&quot;:&quot;px&quot;,&quot;size&quot;:&quot;&quot;,&quot;sizes&quot;:[]}}\" data-widget_type=\"heading.default\">\n\t\t\t\t<div class=\"elementor-widget-container\">\n\t\t\t\t\t<h4 class=\"elementor-heading-title elementor-size-default\">Cont\u00e1ctanos<\/h4>\t\t\t\t<\/div>\n\t\t\t\t<\/div>\n\t\t\t\t<div class=\"elementor-element elementor-element-43ef1c3a elementor-widget elementor-widget-heading\" data-id=\"43ef1c3a\" data-element_type=\"widget\" data-widget_type=\"heading.default\">\n\t\t\t\t<div class=\"elementor-widget-container\">\n\t\t\t\t\t<h5 class=\"elementor-heading-title elementor-size-default\">Comprometidos con tu Defensa y la Justicia.<\/h5>\t\t\t\t<\/div>\n\t\t\t\t<\/div>\n\t\t\t\t<div class=\"elementor-element elementor-element-69bb3171 elementor-widget elementor-widget-text-editor\" data-id=\"69bb3171\" data-element_type=\"widget\" data-widget_type=\"text-editor.default\">\n\t\t\t\t<div class=\"elementor-widget-container\">\n\t\t\t\t\t\t\t\t\t\n\nDefendemos tus derechos con firmeza y dedicaci\u00f3n. En cada caso, buscamos la justicia que mereces con un equipo legal experto en derecho penal.\t\t\t\t\t\t\t\t<\/div>\n\t\t\t\t<\/div>\n\t\t\t\t<\/div>\n\t\t\t\t<\/div>\n\t\t<div class=\"elementor-element elementor-element-64cea9a0 e-con-full e-flex parallax_section_no qode_elementor_container_no e-con e-child\" data-id=\"64cea9a0\" data-element_type=\"container\">\n\t\t\t\t<div class=\"elementor-element elementor-element-dd5d0a4 elementor-widget elementor-widget-wpforms\" data-id=\"dd5d0a4\" data-element_type=\"widget\" data-widget_type=\"wpforms.default\">\n\t\t\t\t<div class=\"elementor-widget-container\">\n\t\t\t\t\t<style id=\"wpforms-css-vars-elementor-widget-dd5d0a4\">\n\t\t\t\t.elementor-widget-wpforms.elementor-element-dd5d0a4 {\n\t\t\t\t--wpforms-label-color: #FFFFFF;\n--wpforms-label-error-color: #FFFFFF;\n--wpforms-button-background-color: #FFFFFF;\n--wpforms-button-text-color: #00123A;\n--wpforms-label-sublabel-color: #7592DA;\n\t\t\t}\n\t\t\t<\/style><div class=\"wpforms-container wpforms-container-full wpforms-render-modern\" id=\"wpforms-1657\"><form id=\"wpforms-form-1657\" class=\"wpforms-validate wpforms-form wpforms-ajax-form\" data-formid=\"1657\" method=\"post\" enctype=\"multipart\/form-data\" action=\"\/index.php?rest_route=%2Fwp%2Fv2%2Fpages%2F964\" data-token=\"30a644d7f810fdd6e8655b7350c0cc76\" data-token-time=\"1777996214\"><noscript class=\"wpforms-error-noscript\">Por favor, activa JavaScript en tu navegador para completar este formulario.<\/noscript><div id=\"wpforms-error-noscript\" style=\"display: none;\">Por favor, activa JavaScript en tu navegador para completar este formulario.<\/div><div class=\"wpforms-field-container\"><div id=\"wpforms-1657-field_1-container\" class=\"wpforms-field wpforms-field-name\" data-field-id=\"1\"><label class=\"wpforms-field-label\" for=\"wpforms-1657-field_1\">Nombre <span class=\"wpforms-required-label\" aria-hidden=\"true\">*<\/span><\/label><input type=\"text\" id=\"wpforms-1657-field_1\" class=\"wpforms-field-large wpforms-field-required\" name=\"wpforms[fields][1]\" placeholder=\"Ej. Juana Maria\" aria-errormessage=\"wpforms-1657-field_1-error\" required><\/div><div id=\"wpforms-1657-field_2-container\" class=\"wpforms-field wpforms-field-email\" data-field-id=\"2\"><label class=\"wpforms-field-label\" for=\"wpforms-1657-field_2\">Correo electr\u00f3nico <span class=\"wpforms-required-label\" aria-hidden=\"true\">*<\/span><\/label><input type=\"email\" id=\"wpforms-1657-field_2\" class=\"wpforms-field-large wpforms-field-required\" name=\"wpforms[fields][2]\" placeholder=\"Ej. correo@gmail.com\" spellcheck=\"false\" aria-errormessage=\"wpforms-1657-field_2-error\" required><\/div>\t\t<div id=\"wpforms-1657-field_4-container\"\n\t\t\tclass=\"wpforms-field wpforms-field-text\"\n\t\t\tdata-field-type=\"text\"\n\t\t\tdata-field-id=\"4\"\n\t\t\t>\n\t\t\t<label class=\"wpforms-field-label\" for=\"wpforms-1657-field_4\" >mensaje electr\u00f3nico Nombre<\/label>\n\t\t\t<input type=\"text\" id=\"wpforms-1657-field_4\" class=\"wpforms-field-medium\" name=\"wpforms[fields][4]\" >\n\t\t<\/div>\n\t\t<div id=\"wpforms-1657-field_5-container\" class=\"wpforms-field wpforms-field-number\" data-field-id=\"5\"><label class=\"wpforms-field-label\" for=\"wpforms-1657-field_5\">Celular <span class=\"wpforms-required-label\" aria-hidden=\"true\">*<\/span><\/label><input type=\"number\" id=\"wpforms-1657-field_5\" class=\"wpforms-field-large wpforms-field-required\" name=\"wpforms[fields][5]\" placeholder=\"Ej. 99993333\" step=\"any\" aria-errormessage=\"wpforms-1657-field_5-error\" required><\/div><div id=\"wpforms-1657-field_3-container\" class=\"wpforms-field wpforms-field-textarea\" data-field-id=\"3\"><label class=\"wpforms-field-label\" for=\"wpforms-1657-field_3\">Tu mensaje <span class=\"wpforms-required-label\" aria-hidden=\"true\">*<\/span><\/label><textarea id=\"wpforms-1657-field_3\" class=\"wpforms-field-medium wpforms-field-required\" name=\"wpforms[fields][3]\" placeholder=\"Escribir mensaje\" aria-errormessage=\"wpforms-1657-field_3-error\" required><\/textarea><\/div><script>\n\t\t\t\t( function() {\n\t\t\t\t\tconst style = document.createElement( 'style' );\n\t\t\t\t\tstyle.appendChild( document.createTextNode( '#wpforms-1657-field_4-container { position: absolute !important; overflow: hidden !important; display: inline !important; height: 1px !important; width: 1px !important; z-index: -1000 !important; padding: 0 !important; } #wpforms-1657-field_4-container input { visibility: hidden; } #wpforms-conversational-form-page #wpforms-1657-field_4-container label { counter-increment: none; }' ) );\n\t\t\t\t\tdocument.head.appendChild( style );\n\t\t\t\t\tdocument.currentScript?.remove();\n\t\t\t\t} )();\n\t\t\t<\/script><\/div><!-- .wpforms-field-container --><div class=\"wpforms-recaptcha-container wpforms-is-recaptcha wpforms-is-recaptcha-type-v2\" ><div class=\"g-recaptcha\" data-sitekey=\"6LfPTngqAAAAAN9I6PyUERbqmZdR5It65pCp3V0t\"><\/div><input type=\"text\" name=\"g-recaptcha-hidden\" class=\"wpforms-recaptcha-hidden\" style=\"position:absolute!important;clip:rect(0,0,0,0)!important;height:1px!important;width:1px!important;border:0!important;overflow:hidden!important;padding:0!important;margin:0!important;\" data-rule-recaptcha=\"1\"><\/div><div class=\"wpforms-submit-container\" ><input type=\"hidden\" name=\"wpforms[id]\" value=\"1657\"><input type=\"hidden\" name=\"page_title\" value=\"\"><input type=\"hidden\" name=\"page_url\" value=\"https:\/\/eymabogados.cl\/index.php?rest_route=\/wp\/v2\/pages\/964\"><input type=\"hidden\" name=\"url_referer\" value=\"\"><button type=\"submit\" name=\"wpforms[submit]\" id=\"wpforms-submit-1657\" class=\"wpforms-submit\" data-alt-text=\"Enviando...\" data-submit-text=\"Enviar\" aria-live=\"assertive\" value=\"wpforms-submit\">Enviar<\/button><img decoding=\"async\" src=\"https:\/\/eymabogados.cl\/wp-content\/plugins\/wpforms-lite\/assets\/images\/submit-spin.svg\" class=\"wpforms-submit-spinner\" style=\"display: none;\" width=\"26\" height=\"26\" alt=\"Cargando\"><\/div><\/form><\/div>  <!-- .wpforms-container -->\t\t\t\t<\/div>\n\t\t\t\t<\/div>\n\t\t\t\t<\/div>\n\t\t\t\t<\/div>\n\t\t<div class=\"elementor-element elementor-element-19521f0 e-flex e-con-boxed parallax_section_no qode_elementor_container_no e-con e-parent\" data-id=\"19521f0\" data-element_type=\"container\">\n\t\t\t\t\t<div class=\"e-con-inner\">\n\t\t\t\t<div class=\"elementor-element elementor-element-976c654 elementor-widget elementor-widget-spacer\" data-id=\"976c654\" data-element_type=\"widget\" data-widget_type=\"spacer.default\">\n\t\t\t\t<div class=\"elementor-widget-container\">\n\t\t\t\t\t\t\t<div class=\"elementor-spacer\">\n\t\t\t<div class=\"elementor-spacer-inner\"><\/div>\n\t\t<\/div>\n\t\t\t\t\t\t<\/div>\n\t\t\t\t<\/div>\n\t\t\t\t\t<\/div>\n\t\t\t\t<\/div>\n\t\t\t\t<\/div>\n\t\t","protected":false},"excerpt":{"rendered":"<p>Nuestro Estudio Jur\u00eddico Esp\u00ednola &amp; Madariaga ofrece una asesor\u00eda legal experta en delitos econ\u00f3micos, dando soluciones jur\u00eddicas de alta calidad y comprometi\u00e9ndonos a mantener informados a nuestros clientes, ya sea en calidad de v\u00edctimas o imputados, sobre el estado y avance de sus causas. Si&#8230;<\/p>\n","protected":false},"author":1,"featured_media":0,"parent":0,"menu_order":0,"comment_status":"closed","ping_status":"closed","template":"","meta":{"footnotes":""},"class_list":["post-964","page","type-page","status-publish","hentry"],"_links":{"self":[{"href":"https:\/\/eymabogados.cl\/index.php?rest_route=\/wp\/v2\/pages\/964","targetHints":{"allow":["GET"]}}],"collection":[{"href":"https:\/\/eymabogados.cl\/index.php?rest_route=\/wp\/v2\/pages"}],"about":[{"href":"https:\/\/eymabogados.cl\/index.php?rest_route=\/wp\/v2\/types\/page"}],"author":[{"embeddable":true,"href":"https:\/\/eymabogados.cl\/index.php?rest_route=\/wp\/v2\/users\/1"}],"replies":[{"embeddable":true,"href":"https:\/\/eymabogados.cl\/index.php?rest_route=%2Fwp%2Fv2%2Fcomments&post=964"}],"version-history":[{"count":31,"href":"https:\/\/eymabogados.cl\/index.php?rest_route=\/wp\/v2\/pages\/964\/revisions"}],"predecessor-version":[{"id":1711,"href":"https:\/\/eymabogados.cl\/index.php?rest_route=\/wp\/v2\/pages\/964\/revisions\/1711"}],"wp:attachment":[{"href":"https:\/\/eymabogados.cl\/index.php?rest_route=%2Fwp%2Fv2%2Fmedia&parent=964"}],"curies":[{"name":"wp","href":"https:\/\/api.w.org\/{rel}","templated":true}]}}